{"id":79,"date":"2024-12-22T13:20:48","date_gmt":"2024-12-22T13:20:48","guid":{"rendered":"https:\/\/vispair.com\/?page_id=79"},"modified":"2025-01-16T14:01:02","modified_gmt":"2025-01-16T14:01:02","slug":"nutzungsbedingungen","status":"publish","type":"page","link":"https:\/\/vispair.com\/tr\/nutzungsbedingungen\/","title":{"rendered":"Kullan\u0131m Ko\u015fullar\u0131"},"content":{"rendered":"<div data-elementor-type=\"wp-page\" data-elementor-id=\"79\" class=\"elementor elementor-79\" data-elementor-post-type=\"page\">\n\t\t\t\t<div class=\"elementor-element elementor-element-421369cb e-flex e-con-boxed e-con e-parent\" data-id=\"421369cb\" data-element_type=\"container\" data-e-type=\"container\">\n\t\t\t\t\t<div class=\"e-con-inner\">\n\t\t<div class=\"elementor-element elementor-element-6487cf3 e-con-full e-flex e-con e-child\" data-id=\"6487cf3\" data-element_type=\"container\" data-e-type=\"container\" data-settings=\"{&quot;background_background&quot;:&quot;classic&quot;}\">\n\t\t\t\t<div class=\"elementor-element elementor-element-42cf149 elementor-widget elementor-widget-heading\" data-id=\"42cf149\" data-element_type=\"widget\" data-e-type=\"widget\" data-widget_type=\"heading.default\">\n\t\t\t\t<div class=\"elementor-widget-container\">\n\t\t\t\t\t<h1 class=\"elementor-heading-title elementor-size-default\">VisPair Kullan\u0131m Ko\u015fullar\u0131\n<\/h1>\t\t\t\t<\/div>\n\t\t\t\t<\/div>\n\t\t\t\t<\/div>\n\t\t\t\t\t<\/div>\n\t\t\t\t<\/div>\n\t\t<div class=\"elementor-element elementor-element-e85bb83 e-flex e-con-boxed e-con e-parent\" data-id=\"e85bb83\" data-element_type=\"container\" data-e-type=\"container\">\n\t\t\t\t\t<div class=\"e-con-inner\">\n\t\t\t\t<div class=\"elementor-element elementor-element-da212b6 elementor-widget elementor-widget-text-editor\" data-id=\"da212b6\" data-element_type=\"widget\" data-e-type=\"widget\" data-widget_type=\"text-editor.default\">\n\t\t\t\t<div class=\"elementor-widget-container\">\n\t\t\t\t\t\t\t\t\t<p><span style=\"font-style: inherit; font-weight: inherit; color: var( --e-global-color-primary ); text-align: var(--text-align); background-color: var(--ast-global-color-5);\">Bu Hizmet \u015eartlar\u0131 (\u201c\u015eartlar\u201d) VisPair GmbH\u2019in (\u201cVP\u201d) y\u00f6netiminde olan t\u00fcm hizmetleri (\u201cHizmet\u201d) kullan\u0131rken haklar\u0131n\u0131z\u0131 ve y\u00fck\u00fcml\u00fcl\u00fcklerinizi ana hatlar\u0131yla belirtir. Bu \u015eartlar, siz ve VisPair (\u201cVP\u201d) aras\u0131nda bir anla\u015fma te\u015fkil eder. \u201cSiz\u201d terimi, temsil etti\u011finiz kurulu\u015fu veya \u015fahsen sizi ifade eder. Bu \u015eartlar\u0131 kabul ederek, en az 18 ya\u015f\u0131nda oldu\u011funuzu onaylars\u0131n\u0131z. Bu s\u00f6zle\u015fmeye bir \u015firket veya kurulu\u015f ad\u0131na giriyorsan\u0131z, a\u015fa\u011f\u0131dakileri onaylars\u0131n\u0131z:\u00a0<\/span><\/p><ol><li>s\u00f6z konusu t\u00fczel ki\u015fiyi bu Ko\u015fullara ba\u011flamak i\u00e7in yasal yetkiye sahip olman\u0131z<\/li><li>bu \u015eartlar\u0131 okudunuz ve anlad\u0131n\u0131z<\/li><li>bu \u015eartlar\u0131 kurulu\u015f ad\u0131na kabul ediyorsan\u0131z. Kurulu\u015funuzu ba\u011flama yetkisine sahip de\u011filseniz, bu \u015eartlar\u0131 kabul etmeye devam etmeyin. Hizmet almak i\u00e7in bir \u015firket e-posta adresi kullan\u0131rsan\u0131z, bu kurulu\u015fu temsil etti\u011finiz varsay\u0131lacakt\u0131r ve\u00a0<\/li><\/ol><p style=\"padding-left: 80px;\">(a) \u015firket ad\u0131na kabul ediyorsunuz,\u00a0<\/p><p style=\"padding-left: 80px;\">(b) \u015firketin kabul\u00fc yasal olarak ba\u011flay\u0131c\u0131 olacakt\u0131r ve\u00a0\u00a0<\/p><p style=\"padding-left: 80px;\">(c) \u201csiz\u201d terimi \u015firket anlam\u0131na gelecektir.\u00a0<\/p><p>Bu Ko\u015fullar, \u201cKabul ediyorum\u201d (veya benzeri) se\u00e7ene\u011fine t\u0131klad\u0131\u011f\u0131n\u0131z veya Hizmete eri\u015fti\u011finiz andan itibaren (\u201cY\u00fcr\u00fcrl\u00fck Tarihi\u201d) y\u00fcr\u00fcrl\u00fc\u011fe girer. Bu \u015eartlar\u0131n ba\u011flay\u0131c\u0131 olmas\u0131 i\u00e7in fiziksel imzaya gerek yoktur. \u201cKabul ediyorum\u201d se\u00e7ene\u011fine t\u0131klayarak veya Hizmeti kullanarak bu \u015eartlar\u0131 kabul etmi\u015f olursunuz. Hizmet i\u00e7indeki elektronik t\u0131klamalar da dahil olmak \u00fczere \u00f6nceki t\u00fcm anla\u015fmalar bu \u015eartlar\u0131n yerine ge\u00e7er.\u00a0<\/p><p><strong>1. Tan\u0131mlar \u00a0<\/strong><\/p><p class=\" translation-block\"><strong>Hesap<\/strong>, kullan\u0131c\u0131 taraf\u0131ndan olu\u015fturulan kullan\u0131c\u0131 aray\u00fcz\u00fcn\u00fc ve ki\u015fisel kullan\u0131m alan\u0131n\u0131 ifade eder.<\/p><p class=\" translation-block\"><strong>S\u00f6zle\u015fme<\/strong>, bu H\u0130ZMET KO\u015eULLARI belgesini ifade eder ve taraflar aras\u0131nda ba\u011flay\u0131c\u0131 bir anla\u015fma te\u015fkil etti\u011fini belirtir.<\/p><p class=\" translation-block\"><strong>Dok\u00fcmantasyon<\/strong>, VP taraf\u0131ndan sunulan t\u00fcm g\u00fcncellemeler dahil olmak \u00fczere Hizmetle birlikte sa\u011flanan teknik materyalleri ifade eder.<\/p><p class=\" translation-block\"><strong>Lisans<\/strong> , sa\u011flanan hizmetle ba\u011flant\u0131l\u0131 olarak sat\u0131lan \u00fcr\u00fcnleri kullanma hakk\u0131d\u0131r.<\/p><p class=\" translation-block\"><strong>Ba\u015fvurucu<\/strong>, istihdam hizmetleri ba\u015fta olmak \u00fczere VP\u2019nin verdi\u011fi her t\u00fcrl\u00fc hizmete ba\u015fvuran ki\u015fi veya kurumu ifade eder.<\/p><p class=\" translation-block\"><strong>Ba\u015fvuru Formu<\/strong>, hizmetlere eri\u015fmek isteyen ba\u015fvurucular taraf\u0131ndan VP'ye sunulan bilgileri i\u00e7eren haz\u0131r soru formunu ifade eder.<\/p><p class=\" translation-block\"><strong>Hizmet Kapsam\u0131<\/strong> , Tahminler, E\u011fitilmi\u015f Modeller, Formlar, Anketler, Dosyalar, DB'ler, Uygulamalar, Destek (Uygulama \u0130\u00e7i) ve ilgili t\u00fcm belgeler dahil olmak \u00fczere t\u00fcm s\u00fcr\u00fcmler ve VP'deki s\u00fcr\u00fcm i\u00e7eri\u011fini de\u011fi\u015ftirme hakk\u0131 dahil olmak \u00fczere VP Hizmet \u00fcr\u00fcnlerinin ilgili g\u00fcncel kapsamlar\u0131n\u0131 ifade eder. \u0130htiyaca g\u00f6re say\u0131s\u0131 ve i\u00e7eri\u011fi de\u011fi\u015febilir.<\/p><p class=\" translation-block\"><strong>Hizmet<\/strong>, istihdam hizmetleri ba\u015fta olmak \u00fczere VP\u2019nin i\u015f\u00e7i\/stajyer arayan, i\u015f\/staj yeri arayan, fuar organizasyonu hizmetleri arayan, vize ve ikamet izni dan\u0131\u015fmanl\u0131\u011f\u0131 arayan, yurt d\u0131\u015f\u0131 e\u011fitim veya dil okulu dan\u0131\u015fmanl\u0131\u011f\u0131 arayan ve di\u011fer bilumum alanlarda hizmet almak isteyen ba\u015fvuruculara sunulan her t\u00fcrl\u00fc hizmeti ifade eder.<\/p><p class=\" translation-block\"><strong>Ba\u015flang\u0131\u00e7 Tarihi<\/strong>, VP taraf\u0131ndan sipari\u015f formunun onaylanmas\u0131yla ba\u015flayan s\u00f6zle\u015fme d\u00f6neminin ba\u015flang\u0131c\u0131n\u0131 ifade eder.<\/p><p class=\" translation-block\"><strong>Deneme S\u00fcr\u00fcm\u00fc<\/strong>, belgeler dahil olmak \u00fczere VP Hizmet \u00fcr\u00fcnlerinin \u00fccretsiz, test, demo, alfa, beta veya erken eri\u015fim s\u00fcr\u00fcmlerini ifade eder.<\/p><p class=\" translation-block\"><strong> Deneme S\u00fcresi<\/strong>, VP taraf\u0131ndan daha \u00f6nce uzat\u0131lmad\u0131\u011f\u0131 veya sonland\u0131r\u0131lmad\u0131\u011f\u0131 s\u00fcrece, ilk Eri\u015fim Yetkisinden itibaren 7 g\u00fcn olarak belirlenen Deneme Hizmetine eri\u015fiminizin s\u00fcresi anlam\u0131na gelir.<\/p><p class=\" translation-block\"><strong>Verileriniz<\/strong>, Hizmet almak i\u00e7in y\u00fckledi\u011finiz veya sizin ad\u0131n\u0131za y\u00fcklenen t\u00fcm kod veya verileri i\u00e7erir. Veri g\u00fcvenli\u011fi ile ilgili ayr\u0131nt\u0131lar \u201cGizlilik Politikas\u0131\u201d belgesinde belirtilmi\u015ftir.<\/p><p><strong>2. Kullan\u0131m K\u0131s\u0131tlamalar\u0131\u00a0<\/strong><\/p><p>VP hizmetlerine eri\u015fmek i\u00e7in, kullan\u0131c\u0131n\u0131n belirlenen form veya aray\u00fcz arac\u0131l\u0131\u011f\u0131yla gerekli bilgileri sa\u011flamas\u0131 gerekmektedir. Ba\u015fvurucu, hesap olu\u015fturma i\u015flemi s\u0131ras\u0131nda sunulan t\u00fcm bilgilerin do\u011fru oldu\u011funu ve do\u011fru ve eksiksiz olmaya devam edece\u011fini onaylar. Ba\u015fvurucu, Hesap kimlik bilgilerinin gizlili\u011fini ve g\u00fcvenli\u011fini korumaktan tek ba\u015f\u0131na sorumludur ve Hesap kapsam\u0131nda ger\u00e7ekle\u015ftirilen t\u00fcm faaliyetlerden sorumludur.\u00a0<\/p><p>Hesap bilgilerinin, Ba\u015fvurucunin kurulu\u015fu i\u00e7indeki veya d\u0131\u015f\u0131ndaki bireyler veya ba\u015fka herhangi bir grup veya kurulu\u015f olsun, ba\u015fkalar\u0131yla payla\u015f\u0131lmamas\u0131 gerekti\u011fi unutulmamal\u0131d\u0131r. Her kullan\u0131c\u0131n\u0131n benzersiz bir Hesab\u0131 olmas\u0131 gerekir ve Hesap kimlik bilgileri veya eri\u015fimi birden fazla kullan\u0131c\u0131 taraf\u0131ndan kullan\u0131lmamal\u0131 veya hi\u00e7bir ko\u015fulda payla\u015f\u0131lmamal\u0131d\u0131r.\u00a0<\/p><p>Kay\u0131t s\u0131ras\u0131nda, Ba\u015fvurucu kullanmak istedi\u011fi hizmet katman\u0131n\u0131 se\u00e7ecektir. Ba\u015fvurucu se\u00e7ilen kademeye g\u00f6re kararla\u015ft\u0131r\u0131lan kullan\u0131m s\u0131n\u0131rlar\u0131n\u0131 a\u015fmak isterse, Hizmet i\u00e7inde bir talepte bulunmal\u0131 veya VP'ye resmi bir yaz\u0131l\u0131 talep g\u00f6ndermelidir. VP, tamamen kendi takdirine ba\u011fl\u0131 olarak, Ba\u015fvurucunun ek kullan\u0131m talebine yan\u0131t olarak g\u00fcncellenmi\u015f \u00fccretler sa\u011flayabilir ve hizmet kademesini ayarlayabilir.\u00a0<\/p><p><strong>3. Deneme s\u00fcresi\u00a0<\/strong><\/p><p style=\"padding-left: 40px;\">a) VP, Ba\u015fvuru Sahibine Y\u00fcr\u00fcrl\u00fck Tarihinden sonra yedi (7) g\u00fcnl\u00fck bir s\u00fcre i\u00e7in (\u201cDeneme S\u00fcresi\u201d) \u00fccretsiz bir Lisans (yukar\u0131da tan\u0131mland\u0131\u011f\u0131 gibi) verebilir. Deneme S\u00fcresi, bu S\u00f6zle\u015fmenin \u015fartlar\u0131na tabi olacakt\u0131r. Ba\u015fvuru Sahibinin yedi (7) g\u00fcnl\u00fck Deneme S\u00fcresinden sonra Hizmeti kullanmaya devam etmesi halinde, Ba\u015fvuru Sahibinden ge\u00e7erli \u00fccretler tahsil edilecektir. \u00a0<\/p><p style=\"padding-left: 40px;\">b) VP, De\u011ferlendirme Hizmetini istedi\u011fi zaman ve \u00f6nceden haber vermeksizin sonland\u0131rma, k\u0131s\u0131tlama veya de\u011fi\u015ftirme hakk\u0131n\u0131 sakl\u0131 tutar. De\u011ferlendirme hizmeti i\u00e7in hi\u00e7bir garanti veya destek y\u00fck\u00fcml\u00fcl\u00fc\u011f\u00fc yoktur. \u00a0<\/p><p style=\"padding-left: 40px;\">c) VP'ye, VP \u00fcr\u00fcnleri hakk\u0131nda sa\u011flad\u0131\u011f\u0131n\u0131z herhangi bir geri bildirimi kullanmas\u0131 i\u00e7in, s\u00f6z konusu geri bildirimin sizi geri bildirimin kayna\u011f\u0131 olarak tan\u0131mlamamas\u0131 ko\u015fuluyla, telifsiz, kal\u0131c\u0131 bir lisans verirsiniz.\u00a0<\/p><p><strong>4. Abonelik \u00fccreti\u00a0<\/strong><\/p><p>Ba\u015fvurucu, VP'nin Hizmet\u0131 kullan\u0131m\u0131n\u0131zla ba\u011flant\u0131l\u0131 olarak \u00f6denmesi gereken t\u00fcm tutarlar i\u00e7in se\u00e7ti\u011finiz ve onaylad\u0131\u011f\u0131n\u0131z kredi kart\u0131n\u0131zdan, banka kart\u0131n\u0131zdan veya di\u011fer \u00f6deme y\u00f6nteminizden (\u201c\u00d6deme Y\u00f6ntemi\u201d) \u00fccret alabilece\u011fini kabul eder. Buna ilgili sipari\u015f formunda belirtilen \u00fccretler veya Ba\u015fvurucu taraf\u0131ndan kay\u0131t veya bu S\u00f6zle\u015fmenin kabul\u00fc s\u0131ras\u0131nda se\u00e7ilen veya de\u011fi\u015ftirilen tutarlar dahildir. Bu S\u00f6zle\u015fme kapsam\u0131nda \u00f6denmesi gereken t\u00fcm tutarlar ABD Dolar\u0131 cinsindendir. Bu tutarlara do\u011frudan veya dolayl\u0131 vergiler, har\u00e7lar, \u00fccretler, g\u00fcmr\u00fck vergileri ve\/veya di\u011fer vergiler dahil de\u011fildir. Lisans Alan, donan\u0131m, Hizmet ve \u0130nternet eri\u015fimi \u00fccretleri dahil ancak bunlarla s\u0131n\u0131rl\u0131 olmamak \u00fczere Hizmete eri\u015fmek veya Hizmeti kullanmak i\u00e7in ge\u00e7erli olabilecek her t\u00fcrl\u00fc \u00fccretten yaln\u0131zca kendisinin sorumlu oldu\u011funu kabul eder. VP, tamamen kendi takdirine ba\u011fl\u0131 olarak Hizmetin fiyatlar\u0131n\u0131 istedi\u011fi zaman de\u011fi\u015ftirme hakk\u0131n\u0131 sakl\u0131 tutar. Bu gibi durumlarda, VP size otuz (30) g\u00fcn \u00f6nceden bildirimde bulunacak veya y\u00fcr\u00fcrl\u00fckteki yasalar\u0131n \u00f6ng\u00f6rd\u00fc\u011f\u00fc s\u00fcreyi sa\u011flayacakt\u0131r. Tahsilat\u0131n icra takibi gibi yasal yollarla yap\u0131lmas\u0131 gerekiyorsa, t\u00fcm \u00fccretler, masraflar ve avukatl\u0131k \u00fccretleri bor\u00e7ludan tahsil edilecektir.\u00a0\u00a0<\/p><p><strong>5. M\u00fclkiyet haklar\u0131\u00a0<\/strong><\/p><p>Der Service und die Dokumentation sind das geistige Eigentum von VP. Alle \u00c4nderungen, Verbesserungen oder abgeleiteten Kreationen der angebotenen Services sind das alleinige Eigentum von VP.\u00a0 \u00a0<\/p><p><strong>6. Verileriniz\u00a0<\/strong><\/p><p style=\"padding-left: 40px;\">a) Die Parteien m\u00fcssen die Sicherheits- und Datenverarbeitungsrichtlinien von VP einhalten. Bei der Nutzung des Service werden bestimmte Daten, wie z. B. Eingabedaten oder andere relevante Informationen, VP zug\u00e4nglich gemacht und\/oder zur Verf\u00fcgung gestellt. Der Antragsteller erteilt VP eine unentgeltliche, voll bezahlte, unwiderrufliche, nicht ausschlie\u00dfliche, Genehmigung, seine Daten f\u00fcr das SaaS-Modell und andere Zwecke zu nutzen, zu verarbeiten, umzuformatieren, zu kodieren, umzuformatieren, zu transformieren, zu attribuieren, anzuzeigen, zu kopieren und zu speichern. Diese Genehmigung wird dem Antragsteller zum Zweck der Bereitstellung, Verwaltung und Verbesserung der Dienste sowie der Sammlung und Analyse anonymer Informationen erteilt. Die Nutzungsrechte beschr\u00e4nken sich nicht auf die direkt vom Antragsteller erhaltenen Daten, sondern umfassen auch die von diesen Daten abgeleiteten Analysedaten und andere indirekte Daten.\u00a0\u00a0\u00a0<\/p><p style=\"padding-left: 40px;\">b) Der Antragsteller erkl\u00e4rt sich damit einverstanden und verpflichtet sich, bei der Nutzung des VP-Service alle geltenden Gesetze einzuhalten und seine eigenen Daten bereitzustellen, ohne die Rechte Dritter zu verletzen. Der Antragsteller nimmt zur Kenntnis, dass die Daten im Zusammenhang mit den angebotenen Dienstleistungen nicht als Archiv- oder Dateispeicherdienst fungieren. \u00a0<\/p><p style=\"padding-left: 40px;\">c) VP wird Ihre Daten nur dann verarbeiten, wenn dies zur Erf\u00fcllung seiner Verpflichtungen im Rahmen seiner T\u00e4tigkeit erforderlich ist. Insbesondere k\u00f6nnen die von allen Nutzern, ob B2B oder B2C, erhaltenen Daten, der Chatverlauf mit dem ChatBot auf der Website und alle vom Antragsteller mit VP geteilten Daten von VP zum Zweck der Entwicklung und Schulung der k\u00fcnstlichen Intelligenz und zur Gew\u00e4hrleistung der Kontinuit\u00e4t und Verbesserung der angebotenen Dienstleistungen verarbeitet, verwendet, aufgezeichnet, an Dritte weitergegeben und gespeichert werden.\u00a0 \u00a0<\/p><p style=\"padding-left: 40px;\">d) Sie erkl\u00e4ren sich damit einverstanden, dass Ihre Daten von VP zu den genannten Zwecken verwendet werden d\u00fcrfen.\u00a0 \u00a0<\/p><p style=\"padding-left: 40px;\">e) Sie erkl\u00e4ren sich damit einverstanden, den angebotenen Service nicht f\u00fcr illegale oder unethische Zwecke zu nutzen. Dies umfasst, ist aber nicht darauf beschr\u00e4nkt, die unten aufgef\u00fchrten Punkte :\u00a0<\/p><ul><li style=\"list-style-type: none;\"><ul><li>Yasa d\u0131\u015f\u0131 veya hileli faaliyetlerde bulunmak,\u00a0<\/li><li>Ba\u015fkalar\u0131n\u0131n haklar\u0131n\u0131 ihlal etmek,\u00a0\u00a0<\/li><li>\u015eiddeti veya di\u011fer zararl\u0131 eylemleri te\u015fvik etmek,\u00a0<\/li><li>ocuk istismar\u0131n\u0131 te\u015fvik etmek,\u00a0\u00a0<\/li><li>A\u011flar\u0131n veya sistemlerin g\u00fcvenli\u011fini veya kullan\u0131labilirli\u011fini tehlikeye atmak.<\/li><\/ul><\/li><\/ul><p><strong>7. VP'den Al\u0131nan Veriler\u00a0 \u00a0<\/strong><\/p><p>VP, vermekte oldu\u011fu hizmetleri kullan\u0131m\u0131n\u0131za ili\u015fkin verileri toplayabilir ve bunlar\u0131 Gizlilik Politikas\u0131na uygun olarak kullanabilir. Buna sohbet botu konu\u015fma verileri, deneme kullan\u0131m verileri ve lisansl\u0131 \u00fcr\u00fcnlerin kullan\u0131m\u0131ndan kaynaklanan her t\u00fcrl\u00fc veri dahildir. Bu veriler ki\u015fisel bilgiler i\u00e7eriyorsa, VP GDPR ve di\u011fer ge\u00e7erli yasalara uyar. VP, depolama ve di\u011fer faaliyetler i\u00e7in GDPR uyumluluk standartlar\u0131n\u0131 kar\u015f\u0131layan lisansl\u0131 \u00fcr\u00fcnler kullan\u0131r ve veri koruma y\u00fck\u00fcml\u00fcl\u00fcklerine ili\u015fkin tamamen g\u00fcvenli bir altyap\u0131 sa\u011flar.\u00a0\u00a0<\/p><p><strong>8.  \u00dc\u00e7\u00fcnc\u00fc Taraf Hizmet\u00a0<\/strong><\/p><p style=\"padding-left: 40px;\">a) Hizmetlerin baz\u0131 \u00f6zellikleri \u00fc\u00e7\u00fcnc\u00fc taraf hizmetleriyle entegre olabilir. \u00a0<\/p><p style=\"padding-left: 40px;\">b) Entegre \u00f6zellikleri kullan\u0131rsan\u0131z, verileriniz \u00fc\u00e7\u00fcnc\u00fc taraf sa\u011flay\u0131c\u0131larla onlar\u0131n \u015fartlar\u0131na tabi olarak payla\u015f\u0131labilir.\u00a0<\/p><p><strong>9. Fesih\u00a0<\/strong><\/p><p>Bu S\u00f6zle\u015fme onaylanma an\u0131nda ba\u015flayacak ve bu S\u00f6zle\u015fmenin \u015fartlar\u0131na uygun olarak daha erken feshedilmedi\u011fi s\u00fcrece devam edecektir. Taraflardan herhangi biri, di\u011fer taraf\u0131n \u00f6nemli bir \u015fart\u0131 ihlal etmesi, iflas etmesi, alacakl\u0131lar yarar\u0131na temlikte bulunmas\u0131, kayyuma devredilmesi veya di\u011fer taraf aleyhine benzer yasal i\u015flemler ba\u015flatmas\u0131 halinde yaz\u0131l\u0131 bildirimde bulunarak bu S\u00f6zle\u015fmeyi feshetme hakk\u0131na sahiptir.\u00a0<\/p><p>S\u00f6zle\u015fmenin feshi veya sona ermesi \u00fczerine:\u00a0<\/p><ul><li>Belirli b\u00f6l\u00fcmler (Gizlilik ve Sorumlulu\u011fun S\u0131n\u0131rland\u0131r\u0131lmas\u0131 gibi) y\u00fcr\u00fcrl\u00fckte kalacakt\u0131r.\u00a0\u00a0<\/li><li>Taraflardan her biri di\u011fer tarafa ait t\u00fcm m\u00fclkleri, belgeleri ve di\u011fer materyalleri iade etmelidir.\u00a0\u00a0<\/li><li>Fesihten \u00f6nce tahakkuk eden haklar veya y\u00fck\u00fcml\u00fcl\u00fckler etkilenmeden kalacakt\u0131r.\u00a0<\/li><\/ul><p><strong>10. Gizlilik\u00a0<\/strong><\/p><p>Bu \u015eartlar kapsam\u0131nda payla\u015f\u0131lan gizli bilgiler korunacakt\u0131r. Her iki taraf da bu t\u00fcr bilgileri de\u011ferlendirme amac\u0131 d\u0131\u015f\u0131nda if\u015fa etmemeyi veya kullanmamay\u0131 kabul eder. Yasalar\u0131n gerektirdi\u011fi her t\u00fcrl\u00fc a\u00e7\u0131klama di\u011fer tarafa bildirilmelidir. Her iki taraf da gizli tutmay\u0131 ve yaln\u0131zca bu S\u00f6zle\u015fmenin yerine getirilmesi amac\u0131yla veya ba\u015fka bir \u015fekilde izin verildi\u011fi \u015fekilde, di\u011fer taraf\u00e7a if\u015fa edilen her t\u00fcrl\u00fc \u00f6zel veya gizli bilgiyi kullanmay\u0131 kabul eder. Bu, VP'nin belgelerini, sundu\u011fu her t\u00fcrl\u00fc hizmeti, \u00f6zg\u00fcn modeli ve teknik, pazarlama, mali, \u00e7al\u0131\u015fan, planlama ve di\u011fer gizli veya \u00f6zel ayr\u0131nt\u0131lar dahil olmak \u00fczere if\u015fa eden taraf\u0131n i\u015fi hakk\u0131ndaki belirli bilgileri i\u00e7erir, ancak bunlarla s\u0131n\u0131rl\u0131 de\u011fildir.\u00a0<\/p><p>Gizli bilgiler, al\u0131c\u0131 taraf\u0131n herhangi bir eylemi olmaks\u0131z\u0131n kamuya a\u00e7\u0131k olan bilgileri, yaz\u0131l\u0131 olarak belgelenen ve a\u00e7\u0131klama s\u0131ras\u0131nda al\u0131c\u0131 taraf\u00e7a bilinen bilgileri, al\u0131c\u0131 taraf\u00e7a ba\u011f\u0131ms\u0131z olarak geli\u015ftirilen bilgileri ve \u00fc\u00e7\u00fcnc\u00fc bir taraftan yasal olarak elde edilebilecek bilgileri i\u00e7ermez.\u00a0<\/p><p><strong>11. Garanti\u00a0<\/strong><\/p><p>Hizmet, herhangi bir garanti olmaks\u0131z\u0131n oldu\u011fu gibi sa\u011flanmaktad\u0131r. VP, Hizmet\u0131n i\u015flevselli\u011fi veya do\u011frulu\u011fu ile ilgili t\u00fcm z\u0131mni garantileri reddeder.\u00a0<\/p><p><strong>\u00a012. Tazminat\u00a0<\/strong><\/p><p>Bu Kullan\u0131m Ko\u015fullar\u0131ndan herhangi birini ihlal etmenizden kaynaklanan \u00fc\u00e7\u00fcnc\u00fc taraf taleplerine kar\u015f\u0131 VP'yi savunmay\u0131 ve zarars\u0131z tutmay\u0131 kabul edersiniz.\u00a0<\/p><p><strong>13. Sorumlulu\u011fun S\u0131n\u0131rland\u0131r\u0131lmas\u0131 \u00a0<\/strong><\/p><p>VP'n\u0131n sorumlulu\u011fu, talebin t\u00fcr\u00fcne bak\u0131lmaks\u0131z\u0131n, taraflarca kar\u015f\u0131l\u0131kl\u0131 olarak kararla\u015ft\u0131r\u0131ld\u0131\u011f\u0131 \u00fczere 100-Euro ile s\u0131n\u0131rl\u0131d\u0131r.\u00a0<\/p><p><strong>14. \u0130hracat Uyumlulu\u011fu\u00a0<\/strong><\/p><p>Taraflar\u0131n her biri y\u00fcr\u00fcrl\u00fckteki ihracat kontrol yasalar\u0131na uymay\u0131 ve Hizmetin kullan\u0131m\u0131 i\u00e7in gerekli t\u00fcm izinleri almay\u0131 kabul eder.\u00a0<\/p><p><strong>15. Bildirimler\u00a0<\/strong><\/p><p>Bu \u015eartlarla ilgili bildirimler kay\u0131t s\u0131ras\u0131nda verilen e-posta adreslerine veya  support@vispair.com adresine g\u00f6nderilmelidir.\u00a0<\/p><p><strong>16. Ge\u00e7erli Hukuk ve Yarg\u0131 Yetkisi\u00a0<\/strong><\/p><p>Bu Ko\u015fullar Almanya ve Avrupa Birli\u011fi yasalar\u0131na tabidir. Bir anla\u015fmazl\u0131k durumunda, Braunschweig mahkemeleri ve icra daireleri birincil yarg\u0131 yetkisine sahip olacakt\u0131r. VP taraf\u0131ndan uygun g\u00f6r\u00fclmesi halinde, Braunschweig  IHK Tahkim Kurulu veya \u0130stanbul Tahkim Merkezi de yarg\u0131 yetkisine sahip olabilir.\u00a0\u00a0\u00a0<\/p><p><strong>17. Y\u00fcr\u00fcrl\u00fck Tarihi\u00a0<\/strong><\/p><p>\u0130\u015fbu Kullan\u0131m Ko\u015fullar\u0131 kullan\u0131c\u0131 taraf\u0131ndan anlayabilece\u011fi bir dilde okunup anla\u015f\u0131lm\u0131\u015f ve kullan\u0131c\u0131n\u0131n kendi iradesi ile \u00f6zg\u00fcrce kabul edilmi\u015ftir. Ko\u015fullar, \u201cokudum, onayl\u0131yorum\u201d veya benzeri ifadeler i\u00e7eren dijital bir onay butonu arac\u0131l\u0131\u011f\u0131yla kabul edildi\u011fi tarih itibariyle ge\u00e7erlilik kazan\u0131r.\u00a0<\/p>\t\t\t\t\t\t\t\t<\/div>\n\t\t\t\t<\/div>\n\t\t\t\t\t<\/div>\n\t\t\t\t<\/div>\n\t\t\t\t<\/div>","protected":false},"excerpt":{"rendered":"<p>VisPair Nutzungsbedingungen Diese Nutzungsbedingungen (\u201eBedingungen\u201c) beschreiben Ihre Rechte und Pflichten bei der Nutzung aller Dienste (\u201eService\u201c), die VisPair GmbH (\u201eVP\u201c) [&hellip;]<\/p>\n","protected":false},"author":5,"featured_media":0,"parent":0,"menu_order":0,"comment_status":"closed","ping_status":"closed","template":"","meta":{"_acf_changed":false,"site-sidebar-layout":"default","site-content-layout":"","ast-site-content-layout":"default","site-content-style":"default","site-sidebar-style":"default","ast-global-header-display":"","ast-banner-title-visibility":"","ast-main-header-display":"","ast-hfb-above-header-display":"","ast-hfb-below-header-display":"","ast-hfb-mobile-header-display":"","site-post-title":"","ast-breadcrumbs-content":"","ast-featured-img":"","footer-sml-layout":"","ast-disable-related-posts":"","theme-transparent-header-meta":"","adv-header-id-meta":"","stick-header-meta":"","header-above-stick-meta":"","header-main-stick-meta":"","header-below-stick-meta":"","astra-migrate-meta-layouts":"default","ast-page-background-enabled":"default","ast-page-background-meta":{"desktop":{"background-color":"var(--ast-global-color-4)","background-image":"","background-repeat":"repeat","background-position":"center center","background-size":"auto","background-attachment":"scroll","background-type":"","background-media":"","overlay-type":"","overlay-color":"","overlay-opacity":"","overlay-gradient":""},"tablet":{"background-color":"","background-image":"","background-repeat":"repeat","background-position":"center center","background-size":"auto","background-attachment":"scroll","background-type":"","background-media":"","overlay-type":"","overlay-color":"","overlay-opacity":"","overlay-gradient":""},"mobile":{"background-color":"","background-image":"","background-repeat":"repeat","background-position":"center center","background-size":"auto","background-attachment":"scroll","background-type":"","background-media":"","overlay-type":"","overlay-color":"","overlay-opacity":"","overlay-gradient":""}},"ast-content-background-meta":{"desktop":{"background-color":"var(--ast-global-color-5)","background-image":"","background-repeat":"repeat","background-position":"center center","background-size":"auto","background-attachment":"scroll","background-type":"","background-media":"","overlay-type":"","overlay-color":"","overlay-opacity":"","overlay-gradient":""},"tablet":{"background-color":"var(--ast-global-color-5)","background-image":"","background-repeat":"repeat","background-position":"center center","background-size":"auto","background-attachment":"scroll","background-type":"","background-media":"","overlay-type":"","overlay-color":"","overlay-opacity":"","overlay-gradient":""},"mobile":{"background-color":"var(--ast-global-color-5)","background-image":"","background-repeat":"repeat","background-position":"center center","background-size":"auto","background-attachment":"scroll","background-type":"","background-media":"","overlay-type":"","overlay-color":"","overlay-opacity":"","overlay-gradient":""}},"footnotes":""},"class_list":["post-79","page","type-page","status-publish","hentry"],"acf":[],"_links":{"self":[{"href":"https:\/\/vispair.com\/tr\/wp-json\/wp\/v2\/pages\/79","targetHints":{"allow":["GET"]}}],"collection":[{"href":"https:\/\/vispair.com\/tr\/wp-json\/wp\/v2\/pages"}],"about":[{"href":"https:\/\/vispair.com\/tr\/wp-json\/wp\/v2\/types\/page"}],"author":[{"embeddable":true,"href":"https:\/\/vispair.com\/tr\/wp-json\/wp\/v2\/users\/5"}],"replies":[{"embeddable":true,"href":"https:\/\/vispair.com\/tr\/wp-json\/wp\/v2\/comments?post=79"}],"version-history":[{"count":0,"href":"https:\/\/vispair.com\/tr\/wp-json\/wp\/v2\/pages\/79\/revisions"}],"wp:attachment":[{"href":"https:\/\/vispair.com\/tr\/wp-json\/wp\/v2\/media?parent=79"}],"curies":[{"name":"wp","href":"https:\/\/api.w.org\/{rel}","templated":true}]}}