{"id":1449,"date":"2025-01-03T21:34:21","date_gmt":"2025-01-03T21:34:21","guid":{"rendered":"https:\/\/vispair.com\/?page_id=1449"},"modified":"2025-01-08T12:20:24","modified_gmt":"2025-01-08T12:20:24","slug":"impressum","status":"publish","type":"page","link":"https:\/\/vispair.com\/tr\/impressum\/","title":{"rendered":"K\u00fcnye"},"content":{"rendered":"<div data-elementor-type=\"wp-page\" data-elementor-id=\"1449\" class=\"elementor elementor-1449\" data-elementor-post-type=\"page\">\n\t\t\t\t<div class=\"elementor-element elementor-element-421369cb e-flex e-con-boxed e-con e-parent\" data-id=\"421369cb\" data-element_type=\"container\" data-e-type=\"container\">\n\t\t\t\t\t<div class=\"e-con-inner\">\n\t\t<div class=\"elementor-element elementor-element-6487cf3 e-con-full e-flex e-con e-child\" data-id=\"6487cf3\" data-element_type=\"container\" data-e-type=\"container\" data-settings=\"{&quot;background_background&quot;:&quot;classic&quot;}\">\n\t\t\t\t<div class=\"elementor-element elementor-element-42cf149 elementor-widget elementor-widget-heading\" data-id=\"42cf149\" data-element_type=\"widget\" data-e-type=\"widget\" data-widget_type=\"heading.default\">\n\t\t\t\t<div class=\"elementor-widget-container\">\n\t\t\t\t\t<h1 class=\"elementor-heading-title elementor-size-default\">K\u00fcnye<\/h1>\t\t\t\t<\/div>\n\t\t\t\t<\/div>\n\t\t\t\t<\/div>\n\t\t\t\t\t<\/div>\n\t\t\t\t<\/div>\n\t\t<div class=\"elementor-element elementor-element-e85bb83 e-flex e-con-boxed e-con e-parent\" data-id=\"e85bb83\" data-element_type=\"container\" data-e-type=\"container\">\n\t\t\t\t\t<div class=\"e-con-inner\">\n\t\t\t\t<div class=\"elementor-element elementor-element-da212b6 elementor-widget elementor-widget-text-editor\" data-id=\"da212b6\" data-element_type=\"widget\" data-e-type=\"widget\" data-widget_type=\"text-editor.default\">\n\t\t\t\t<div class=\"elementor-widget-container\">\n\t\t\t\t\t\t\t\t\t<p><b style=\"font-style: inherit; color: var( --e-global-color-primary ); font-family: var( --e-global-typography-text-font-family ), Sans-serif; text-align: var(--text-align); background-color: var(--ast-global-color-5);\"><span data-contrast=\"auto\">TMG \u00a7 5'e g\u00f6re bilgiler<\/span><\/b><span style=\"font-style: inherit; font-weight: inherit; color: var( --e-global-color-primary ); font-family: var( --e-global-typography-text-font-family ), Sans-serif; text-align: var(--text-align); background-color: var(--ast-global-color-5);\" data-ccp-props=\"{}\">\u00a0<\/span><\/p><p class=\" translation-block\">VisPair GmbH, \n\u015eirket merkezi: Goethestra\u00dfe 3, 38226 Salzgitter \/ Almanya<\/p><p><b><span data-contrast=\"auto\">Temsil Eden<\/span><\/b><span data-ccp-props=\"{}\">\u00a0<\/span><\/p><p><span data-contrast=\"auto\">Genel M\u00fcd\u00fcr: Menderes \u00d6zcan<\/span><span data-ccp-props=\"{}\">\u00a0<\/span><\/p><p><b><span data-contrast=\"auto\">\u0130leti\u015fim<\/span><\/b><span data-ccp-props=\"{}\">\u00a0<\/span><\/p><p><span data-contrast=\"auto\">Telefon: xxxxx \/ xxxxxx<\/span>\u00a0<br \/><span data-contrast=\"auto\">E-Posta: support@vispair.com<\/span><span data-ccp-props=\"{}\">\u00a0<\/span><\/p><p><b><span data-contrast=\"auto\">Kay\u0131t giri\u015fi<\/span><\/b><span data-ccp-props=\"{}\">\u00a0<\/span><\/p><p class=\" translation-block\">Ticaret siciline kay\u0131t. \nKay\u0131t mahkemesi: Braunschweig Yerel Mahkemesi \nKay\u0131t numaras\u0131: HRB 211811<\/p><p><b><span data-contrast=\"auto\">Sat\u0131\u015f vergi numaras\u0131<\/span><\/b><span data-ccp-props=\"{}\">\u00a0<\/span><\/p><p><span data-contrast=\"auto\">\u00a727a sat\u0131\u015f vergisi yasas\u0131na g\u00f6re sat\u0131\u015f vergisi kimlik numaras\u0131: DE400332642<\/span><span data-ccp-props=\"{}\">\u00a0<\/span><\/p><p><b><span data-contrast=\"auto\">Anla\u015fmazl\u0131k \u00e7\u00f6z\u00fcm\u00fc<\/span><\/b><span data-ccp-props=\"{}\">\u00a0<\/span><\/p><p class=\" translation-block\">Avrupa Komisyonu \u00e7evrimi\u00e7i uyu\u015fmazl\u0131k \u00e7\u00f6z\u00fcm\u00fc i\u00e7in bir platform sa\u011flamaktad\u0131r (OS): https:\/\/ec.europa.eu\/consumers\/odr \n\nE-posta adresimizi k\u00fcnye bildirimin ba\u015f\u0131nda bulabilirsiniz.<\/p><p><span data-contrast=\"auto\">T\u00fcketici hakem heyeti nezdindeki uyu\u015fmazl\u0131k \u00e7\u00f6z\u00fcm s\u00fcre\u00e7lerine kat\u0131lm\u0131yoruz.<\/span><span data-ccp-props=\"{&quot;335551550&quot;:6,&quot;335551620&quot;:6}\">\u00a0<\/span><\/p><p><b><span data-contrast=\"auto\">\u0130\u00e7erik sorumlulu\u011fu<\/span><\/b><span data-ccp-props=\"{}\">\u00a0<\/span><\/p><p><span data-contrast=\"auto\">Bir hizmet sa\u011flay\u0131c\u0131 olarak, y\u00fcr\u00fcrl\u00fckteki yasalar \u00e7er\u00e7evesinde TMG Madde 7 (1) uyar\u0131nca bu sayfalardaki kendi i\u00e7eri\u011fimizden sorumluyuz. Bununla birlikte, TMG Madde 8 ila 10 uyar\u0131nca, iletilen veya saklanan \u00fc\u00e7\u00fcnc\u00fc taraf bilgilerini aktif olarak izleme veya yasa d\u0131\u015f\u0131 faaliyetlerin belirtilerini arama y\u00fck\u00fcml\u00fcl\u00fc\u011f\u00fcm\u00fcz yoktur.<\/span><span data-ccp-props=\"{&quot;335551550&quot;:6,&quot;335551620&quot;:6}\">\u00a0<\/span><\/p><p><span data-contrast=\"auto\">Genel yasal gerekliliklere uygun olarak bilgilerin kullan\u0131m\u0131n\u0131 kald\u0131rma veya engelleme y\u00fck\u00fcml\u00fcl\u00fckleri bundan etkilenmez. Ancak, bunun i\u00e7in sorumluluk yaln\u0131zca belirli bir ihlalin fark\u0131na var\u0131r varmaz ortaya \u00e7\u0131kar. B\u00f6yle bir ihlalden haberdar olmam\u0131z halinde, ilgili i\u00e7eri\u011fi derhal kald\u0131raca\u011f\u0131z.<\/span><span data-ccp-props=\"{&quot;335551550&quot;:6,&quot;335551620&quot;:6}\">\u00a0<\/span><\/p><p><span data-ccp-props=\"{&quot;335551550&quot;:6,&quot;335551620&quot;:6}\">\u00a0<\/span><\/p><p><b><span data-contrast=\"auto\">Linkler i\u00e7in sorumluluk<\/span><\/b><span data-ccp-props=\"{}\">\u00a0<\/span><\/p><p><span data-contrast=\"auto\">Sunumumuz, i\u00e7eri\u011fi \u00fczerinde hi\u00e7bir etkimiz olmayan \u00fc\u00e7\u00fcnc\u00fc taraflar\u0131n harici web sitelerine ba\u011flant\u0131lar i\u00e7erir. Bu nedenle, bu \u00fc\u00e7\u00fcnc\u00fc taraf i\u00e7eri\u011fi i\u00e7in hi\u00e7bir sorumluluk kabul etmiyoruz. Ba\u011flant\u0131l\u0131 sayfalar\u0131n i\u00e7eri\u011finden her zaman ilgili operat\u00f6r veya sa\u011flay\u0131c\u0131 sorumludur.<\/span><span data-ccp-props=\"{&quot;335551550&quot;:6,&quot;335551620&quot;:6}\">\u00a0<\/span><\/p><p><span data-contrast=\"auto\">Linkleme s\u0131ras\u0131nda, sayfalar olas\u0131 yasal ihlallere kar\u015f\u0131 kontrol edilmi\u015f ve yasad\u0131\u015f\u0131 bir i\u00e7eri\u011fe rastlanmam\u0131\u015ft\u0131r. Ancak, ba\u011flant\u0131 verilen sayfalar\u0131n i\u00e7eri\u011finin kal\u0131c\u0131 olarak incelenmesi, bir ihlalin somut kan\u0131t\u0131 olmadan makul de\u011fildir. Herhangi bir yasal ihlalin fark\u0131na var\u0131r varmaz, ilgili ba\u011flant\u0131lar\u0131 derhal kald\u0131raca\u011f\u0131z.<\/span><span data-ccp-props=\"{&quot;335551550&quot;:6,&quot;335551620&quot;:6}\">\u00a0<\/span><\/p><p><b><span data-contrast=\"auto\">Telif Hakk\u0131<\/span><\/b><span data-ccp-props=\"{}\">\u00a0<\/span><\/p><p><span data-contrast=\"auto\">Bu sayfalarda sunulan ve operat\u00f6rler taraf\u0131ndan olu\u015fturulan i\u00e7erik ve eserler Alman telif hakk\u0131 yasas\u0131na tabidir. Telif hakk\u0131 yasas\u0131 h\u00fck\u00fcmleri d\u0131\u015f\u0131nda herhangi bir \u00e7o\u011faltma, i\u015fleme, da\u011f\u0131t\u0131m veya kullan\u0131m, ilgili yazar\u0131n veya yarat\u0131c\u0131n\u0131n \u00f6nceden yaz\u0131l\u0131 onay\u0131n\u0131 gerektirir. Bu sayfalar\u0131n indirilmesi ve kopyalanmas\u0131 yaln\u0131zca \u00f6zel kullan\u0131m i\u00e7in yap\u0131labilir, ticari kullan\u0131m i\u00e7in yap\u0131lamaz.<\/span><span data-ccp-props=\"{&quot;335551550&quot;:6,&quot;335551620&quot;:6}\">\u00a0<\/span><\/p><p><span data-contrast=\"auto\">Bu sayfalardaki i\u00e7erik operat\u00f6r taraf\u0131ndan olu\u015fturulmad\u0131\u011f\u0131 s\u00fcrece, \u00fc\u00e7\u00fcnc\u00fc taraflar\u0131n telif haklar\u0131na sayg\u0131 g\u00f6sterilir ve ilgili i\u00e7erik buna g\u00f6re etiketlenir. Yine de olas\u0131 bir telif hakk\u0131 ihlali fark ederseniz, l\u00fctfen bizi uygun \u015fekilde bilgilendirin. Herhangi bir ihlalden haberdar olmam\u0131z halinde, ilgili i\u00e7eri\u011fi derhal kald\u0131raca\u011f\u0131z.<\/span><span data-ccp-props=\"{&quot;335551550&quot;:6,&quot;335551620&quot;:6}\">\u00a0<\/span><\/p><p><span data-ccp-props=\"{}\">\u00a0<\/span><\/p>\t\t\t\t\t\t\t\t<\/div>\n\t\t\t\t<\/div>\n\t\t\t\t\t<\/div>\n\t\t\t\t<\/div>\n\t\t\t\t<\/div>","protected":false},"excerpt":{"rendered":"<p>Impressum Angaben gem\u00e4\u00df \u00a7 5 TMG\u00a0 VisPair GmbH\u00a0Firmensitz: Goethestra\u00dfe 3\u00a038226 Salzgitter\u00a0 Vertreten durch\u00a0 Gesch\u00e4ftsf\u00fchrer: Menderes \u00d6zcan\u00a0 Kontakt\u00a0 Telefon: xxxxx \/ [&hellip;]<\/p>\n","protected":false},"author":2,"featured_media":0,"parent":0,"menu_order":0,"comment_status":"closed","ping_status":"closed","template":"","meta":{"_acf_changed":false,"site-sidebar-layout":"default","site-content-layout":"","ast-site-content-layout":"default","site-content-style":"default","site-sidebar-style":"default","ast-global-header-display":"","ast-banner-title-visibility":"","ast-main-header-display":"","ast-hfb-above-header-display":"","ast-hfb-below-header-display":"","ast-hfb-mobile-header-display":"","site-post-title":"","ast-breadcrumbs-content":"","ast-featured-img":"","footer-sml-layout":"","ast-disable-related-posts":"","theme-transparent-header-meta":"","adv-header-id-meta":"","stick-header-meta":"","header-above-stick-meta":"","header-main-stick-meta":"","header-below-stick-meta":"","astra-migrate-meta-layouts":"default","ast-page-background-enabled":"default","ast-page-background-meta":{"desktop":{"background-color":"var(--ast-global-color-4)","background-image":"","background-repeat":"repeat","background-position":"center center","background-size":"auto","background-attachment":"scroll","background-type":"","background-media":"","overlay-type":"","overlay-color":"","overlay-opacity":"","overlay-gradient":""},"tablet":{"background-color":"","background-image":"","background-repeat":"repeat","background-position":"center center","background-size":"auto","background-attachment":"scroll","background-type":"","background-media":"","overlay-type":"","overlay-color":"","overlay-opacity":"","overlay-gradient":""},"mobile":{"background-color":"","background-image":"","background-repeat":"repeat","background-position":"center center","background-size":"auto","background-attachment":"scroll","background-type":"","background-media":"","overlay-type":"","overlay-color":"","overlay-opacity":"","overlay-gradient":""}},"ast-content-background-meta":{"desktop":{"background-color":"var(--ast-global-color-5)","background-image":"","background-repeat":"repeat","background-position":"center center","background-size":"auto","background-attachment":"scroll","background-type":"","background-media":"","overlay-type":"","overlay-color":"","overlay-opacity":"","overlay-gradient":""},"tablet":{"background-color":"var(--ast-global-color-5)","background-image":"","background-repeat":"repeat","background-position":"center center","background-size":"auto","background-attachment":"scroll","background-type":"","background-media":"","overlay-type":"","overlay-color":"","overlay-opacity":"","overlay-gradient":""},"mobile":{"background-color":"var(--ast-global-color-5)","background-image":"","background-repeat":"repeat","background-position":"center center","background-size":"auto","background-attachment":"scroll","background-type":"","background-media":"","overlay-type":"","overlay-color":"","overlay-opacity":"","overlay-gradient":""}},"footnotes":""},"class_list":["post-1449","page","type-page","status-publish","hentry"],"acf":[],"_links":{"self":[{"href":"https:\/\/vispair.com\/tr\/wp-json\/wp\/v2\/pages\/1449","targetHints":{"allow":["GET"]}}],"collection":[{"href":"https:\/\/vispair.com\/tr\/wp-json\/wp\/v2\/pages"}],"about":[{"href":"https:\/\/vispair.com\/tr\/wp-json\/wp\/v2\/types\/page"}],"author":[{"embeddable":true,"href":"https:\/\/vispair.com\/tr\/wp-json\/wp\/v2\/users\/2"}],"replies":[{"embeddable":true,"href":"https:\/\/vispair.com\/tr\/wp-json\/wp\/v2\/comments?post=1449"}],"version-history":[{"count":0,"href":"https:\/\/vispair.com\/tr\/wp-json\/wp\/v2\/pages\/1449\/revisions"}],"wp:attachment":[{"href":"https:\/\/vispair.com\/tr\/wp-json\/wp\/v2\/media?parent=1449"}],"curies":[{"name":"wp","href":"https:\/\/api.w.org\/{rel}","templated":true}]}}